{"id":5990,"date":"2026-01-20T16:48:34","date_gmt":"2026-01-20T09:48:34","guid":{"rendered":"https:\/\/siammakemoney.com\/?page_id=5990"},"modified":"2026-01-20T17:02:57","modified_gmt":"2026-01-20T10:02:57","slug":"privacy-policy","status":"publish","type":"page","link":"https:\/\/siammakemoney.com\/fr\/privacy-policy\/","title":{"rendered":"Politique de confidentialit\u00e9"},"content":{"rendered":"<style scoped>\n            .gc-box{margin-bottom:30px;padding:20px;border-left:5px solid transparent;line-height:24px}.gc-box .label-info{background-color:#5bc0de;display:inline-block;margin:0 5px 10px 0;padding:3px 6px;font-size:75%;font-weight:700;color:#fff;text-align:center;white-space:nowrap;vertical-align:baseline;border-radius:.25em;line-height:14px}.gc-box.green_type{color:#3c763d;background-color:#dff0d8;border-color:#cae6be}.gc-box.blue_type{color:#31708f;background-color:#d9edf7;border-color:#bcdff1}.gc-box.red_type{color:#a94442;background-color:#f2dede;border-color:#e8c4c4}.gc-box.grey_type{background:#ddd;border-color:#ccc;color:#444}.gc-box.info_type{color:#155724;background-color:#d4edda;border-color:#c3e6cb}.gc-box.info_type svg{fill:#30a030}.gc-box.download_type{color:#004085;background-color:#cce5ff;border-color:#b8daff}.gc-box.download_type svg{fill:#3a9aff}.gc-box.update_type{color:#004458;background-color:#d9edf7;border:1px solid #bce8f1}.gc-box.notice_type{color:#856404;background-color:#fff3cd;border-color:#ffeeba}.gc-box.notice_type svg{fill:#f7a000}.gc-box.error_type{color:#721c24;background-color:#f8d7da;border-color:#f5c6cb}.gc-box.error_type svg{fill:#c70000}.gc-box.border_type{border:2px solid #ddd}.gc-box.icon_type{display:flex}.gc-box.icon_type .gc-box-icon{width:28px}.gc-box.icon_type .gc-box-text{flex-grow:1;margin:0 15px}.gc-box-text > *{margin-bottom: 20px;}\n        .gc-box-text > *:last-child{margin-bottom:0}        \n        <\/style><div class=\"gc-box update_type\" style=\"text-align:left;border-radius:20px;box-shadow: 0 10px 10px #00000007\">\n\t\t\t<div class=\"gc-box-icon\"><\/div>\n\t\t\t<span class=\"label-info\">Mise \u00e0 jour du 20\/1\/2026<\/span>\n\t\t\t<div class=\"gc-box-text\">\n\n<p>site web <strong>Siammakemoney<\/strong> Attention \u00e0 la confidentialit\u00e9 des utilisateurs. Cette politique de confidentialit\u00e9 est cr\u00e9\u00e9e pour expliquer les directives de collecte, d'utilisation et de protection des informations personnelles des utilisateurs du site Web.<\/p>\n\n<\/div>\n\t\t<\/div>\n\n\n<h3 class=\"wp-block-heading\">1. Collecte de donn\u00e9es<\/h3>\n\n\n\n<p>Un site Web peut collecter certaines informations lorsqu'un utilisateur visite un site Web, par exemple\u00a0:<\/p>\n\n\n\n<ul class=\"wp-block-list\">\n<li>Informations sur l'utilisation du site Web (telles que les pages Web visit\u00e9es Dur\u00e9e de la visite Type d'appareil, navigateur)<\/li>\n\n\n\n<li>Adresse IP et autres informations techniques<\/li>\n\n\n\n<li>Informations fournies par l'utilisateur volontairement, telles que les contacts par formulaire ou par e-mail.<\/li>\n<\/ul>\n\n\n\n<h3 class=\"wp-block-heading\">2. Utilisation des cookies (cookies)<\/h3>\n\n\n\n<p>site web <strong>Siammakemoney<\/strong> Les cookies peuvent \u00eatre utilis\u00e9s pour am\u00e9liorer l'exp\u00e9rience utilisateur. Analysez le comportement des visiteurs et affichez le contenu ou les publicit\u00e9s appropri\u00e9s Les utilisateurs peuvent configurer le navigateur pour qu'il rejette les cookies au besoin. Mais cela peut affecter l'utilisation d'une partie du site Web.<\/p>\n\n\n\n<h3 class=\"wp-block-heading\">3. Utilisation des informations<\/h3>\n\n\n\n<p>Les informations collect\u00e9es seront utilis\u00e9es aux fins suivantes.<\/p>\n\n\n\n<ul class=\"wp-block-list\">\n<li>D\u00e9velopper et am\u00e9liorer le contenu et l'exp\u00e9rience du site Web.<\/li>\n\n\n\n<li>Analyse des statistiques et des comportements d'utilisation<\/li>\n\n\n\n<li>R\u00e9pondre aux questions ou aux contacts des utilisateurs<\/li>\n\n\n\n<li>Se conformer aux exigences l\u00e9gales pertinentes<\/li>\n<\/ul>\n\n\n\n<h3 class=\"wp-block-heading\">4. Liens vers des sites Web externes<\/h3>\n\n\n\n<p>Le site Web peut contenir des liens vers des sites Web ou des services tiers. Comprend des sites Web de liens recommand\u00e9s (liens affili\u00e9s). <strong>Siammakemoney<\/strong> Ils ne sont pas responsables des politiques de confidentialit\u00e9 ou du contenu de ces sites Web externes. Les utilisateurs doivent \u00e9tudier davantage la politique de confidentialit\u00e9 du site Web de destination.<\/p>\n\n\n\n<h3 class=\"wp-block-heading\">5. Divulgation de renseignements \u00e0 des tiers<\/h3>\n\n\n\n<p>Le site Web ne vendra, n'\u00e9changera ni ne divulguera les informations personnelles de l'utilisateur \u00e0 des tiers. \u00e0 moins qu'il ne soit conforme \u00e0 la loi ou de fournir les services n\u00e9cessaires tels qu'un syst\u00e8me d'analyse de site Web ou un syst\u00e8me de publicit\u00e9<\/p>\n\n\n\n<h3 class=\"wp-block-heading\">6. S\u00e9curit\u00e9 des donn\u00e9es<\/h3>\n\n\n\n<p>Le site Web essaie de prendre les mesures appropri\u00e9es pour prot\u00e9ger les informations de l'utilisateur. Cependant, il ne peut garantir une s\u00e9curit\u00e9 \u00e0 100 % des donn\u00e9es.<\/p>\n\n\n\n<h3 class=\"wp-block-heading\">7. Modifications de la politique de confidentialit\u00e9<\/h3>\n\n\n\n<p>Le site Web se r\u00e9serve le droit de mettre \u00e0 jour ou de modifier cette politique de confidentialit\u00e9 sans pr\u00e9avis. Toute modification qu'il prendra en vigueur imm\u00e9diatement lorsqu'elle sera publi\u00e9e sur le site Web.<\/p>\n\n\n\n<h3 class=\"wp-block-heading\">8. Acceptation de la politique<\/h3>\n\n\n\n<p>Utilisation du site <strong>Siammakemoney<\/strong> Il est r\u00e9put\u00e9 que l'utilisateur a accept\u00e9 cette politique de confidentialit\u00e9.<\/p>","protected":false},"excerpt":{"rendered":"1. \u0e01\u0e32\u0e23\u0e40\u0e01\u0e47\u0e1a\u0e23\u0e27\u0e1a\u0e23\u0e27\u0e21\u0e02\u0e49\u0e2d\u0e21\u0e39\u0e25 \u0e40\u0e27\u0e47\u0e1a\u0e44\u0e0b\u0e15\u0e4c\u0e2d\u0e32\u0e08\u0e21\u0e35\u0e01\u0e32\u0e23\u0e40\u0e01\u0e47\u0e1a\u0e23\u0e27\u0e1a\u0e23\u0e27\u0e21\u0e02\u0e49\u0e2d\u0e21\u0e39\u0e25\u0e1a\u0e32\u0e07\u0e1b\u0e23\u0e30\u0e01\u0e32\u0e23\u0e40\u0e21\u0e37\u0e48\u0e2d\u0e1c\u0e39\u0e49\u0e43\u0e0a\u0e49\u0e07\u0e32\u0e19\u0e40\u0e02\u0e49\u0e32\u0e0a\u0e21\u0e40\u0e27\u0e47\u0e1a\u0e44\u0e0b\u0e15\u0e4c \u0e40\u0e0a\u0e48\u0e19 2. \u0e01\u0e32\u0e23\u0e43\u0e0a\u0e49\u0e04\u0e38\u0e01\u0e01\u0e35\u0e49 (Cookies) \u0e40\u0e27\u0e47\u0e1a\u0e44\u0e0b\u0e15\u0e4c Siammakemoney \u0e2d\u0e32\u0e08\u0e43\u0e0a\u0e49\u0e04\u0e38\u0e01\u0e01\u0e35\u0e49\u0e40\u0e1e\u0e37\u0e48\u0e2d\u0e1b\u0e23\u0e31\u0e1a\u0e1b\u0e23\u0e38\u0e07\u0e1b\u0e23\u0e30\u0e2a\u0e1a\u0e01\u0e32\u0e23\u0e13\u0e4c\u0e01\u0e32\u0e23\u0e43\u0e0a\u0e49\u0e07\u0e32\u0e19 \u0e27\u0e34\u0e40\u0e04\u0e23\u0e32\u0e30\u0e2b\u0e4c\u0e1e\u0e24\u0e15\u0e34\u0e01\u0e23\u0e23\u0e21\u0e1c\u0e39\u0e49\u0e40\u0e02\u0e49\u0e32\u0e0a\u0e21 \u0e41\u0e25\u0e30\u0e41\u0e2a\u0e14\u0e07\u0e40\u0e19\u0e37\u0e49\u0e2d\u0e2b\u0e32\u0e2b\u0e23\u0e37\u0e2d\u0e42\u0e06\u0e29\u0e13\u0e32\u0e17\u0e35\u0e48\u0e40\u0e2b\u0e21\u0e32\u0e30\u0e2a\u0e21 \u0e1c\u0e39\u0e49\u0e43\u0e0a\u0e49\u0e07\u0e32\u0e19\u0e2a\u0e32\u0e21\u0e32\u0e23\u0e16\u0e15\u0e31\u0e49\u0e07\u0e04\u0e48\u0e32\u0e40\u0e1a\u0e23\u0e32\u0e27\u0e4c\u0e40\u0e0b\u0e2d\u0e23\u0e4c\u0e40\u0e1e\u0e37\u0e48\u0e2d\u0e1b\u0e0f\u0e34\u0e40\u0e2a\u0e18\u0e04\u0e38\u0e01\u0e01\u0e35\u0e49\u0e44\u0e14\u0e49\u0e15\u0e32\u0e21\u0e15\u0e49\u0e2d\u0e07\u0e01\u0e32\u0e23 \u0e41\u0e15\u0e48\u0e2d\u0e32\u0e08\u0e2a\u0e48\u0e07\u0e1c\u0e25\u0e15\u0e48\u0e2d\u0e01\u0e32\u0e23\u0e43\u0e0a\u0e49\u0e07\u0e32\u0e19\u0e1a\u0e32\u0e07\u0e2a\u0e48\u0e27\u0e19\u0e02\u0e2d\u0e07\u0e40\u0e27\u0e47\u0e1a\u0e44\u0e0b\u0e15\u0e4c 3. \u0e01\u0e32\u0e23\u0e43\u0e0a\u0e49\u0e02\u0e49\u0e2d\u0e21\u0e39\u0e25 \u0e02\u0e49\u0e2d\u0e21\u0e39\u0e25\u0e17\u0e35\u0e48\u0e40\u0e01\u0e47\u0e1a\u0e23\u0e27\u0e1a\u0e23\u0e27\u0e21\u0e08\u0e30\u0e16\u0e39\u0e01\u0e19\u0e33\u0e44\u0e1b\u0e43\u0e0a\u0e49\u0e40\u0e1e\u0e37\u0e48\u0e2d\u0e27\u0e31\u0e15\u0e16\u0e38\u0e1b\u0e23\u0e30\u0e2a\u0e07\u0e04\u0e4c\u0e14\u0e31\u0e07\u0e15\u0e48\u0e2d\u0e44\u0e1b\u0e19\u0e35\u0e49 4.&hellip;","protected":false},"author":1,"featured_media":0,"parent":0,"menu_order":0,"comment_status":"closed","ping_status":"closed","template":"","meta":{"csco_singular_sidebar":"","csco_page_header_type":"","csco_page_load_nextpost":"","footnotes":""},"class_list":{"0":"post-5990","1":"page","2":"type-page","3":"status-publish","5":"cs-entry"},"_links":{"self":[{"href":"https:\/\/siammakemoney.com\/fr\/wp-json\/wp\/v2\/pages\/5990","targetHints":{"allow":["GET"]}}],"collection":[{"href":"https:\/\/siammakemoney.com\/fr\/wp-json\/wp\/v2\/pages"}],"about":[{"href":"https:\/\/siammakemoney.com\/fr\/wp-json\/wp\/v2\/types\/page"}],"author":[{"embeddable":true,"href":"https:\/\/siammakemoney.com\/fr\/wp-json\/wp\/v2\/users\/1"}],"replies":[{"embeddable":true,"href":"https:\/\/siammakemoney.com\/fr\/wp-json\/wp\/v2\/comments?post=5990"}],"version-history":[{"count":8,"href":"https:\/\/siammakemoney.com\/fr\/wp-json\/wp\/v2\/pages\/5990\/revisions"}],"predecessor-version":[{"id":5998,"href":"https:\/\/siammakemoney.com\/fr\/wp-json\/wp\/v2\/pages\/5990\/revisions\/5998"}],"wp:attachment":[{"href":"https:\/\/siammakemoney.com\/fr\/wp-json\/wp\/v2\/media?parent=5990"}],"curies":[{"name":"wp","href":"https:\/\/api.w.org\/{rel}","templated":true}]}}