{"id":5990,"date":"2026-01-20T16:48:34","date_gmt":"2026-01-20T09:48:34","guid":{"rendered":"https:\/\/siammakemoney.com\/?page_id=5990"},"modified":"2026-01-20T17:02:57","modified_gmt":"2026-01-20T10:02:57","slug":"privacy-policy","status":"publish","type":"page","link":"https:\/\/siammakemoney.com\/es\/privacy-policy\/","title":{"rendered":"Pol\u00edtica de privacidad"},"content":{"rendered":"<style scoped>\n            .gc-box{margin-bottom:30px;padding:20px;border-left:5px solid transparent;line-height:24px}.gc-box .label-info{background-color:#5bc0de;display:inline-block;margin:0 5px 10px 0;padding:3px 6px;font-size:75%;font-weight:700;color:#fff;text-align:center;white-space:nowrap;vertical-align:baseline;border-radius:.25em;line-height:14px}.gc-box.green_type{color:#3c763d;background-color:#dff0d8;border-color:#cae6be}.gc-box.blue_type{color:#31708f;background-color:#d9edf7;border-color:#bcdff1}.gc-box.red_type{color:#a94442;background-color:#f2dede;border-color:#e8c4c4}.gc-box.grey_type{background:#ddd;border-color:#ccc;color:#444}.gc-box.info_type{color:#155724;background-color:#d4edda;border-color:#c3e6cb}.gc-box.info_type svg{fill:#30a030}.gc-box.download_type{color:#004085;background-color:#cce5ff;border-color:#b8daff}.gc-box.download_type svg{fill:#3a9aff}.gc-box.update_type{color:#004458;background-color:#d9edf7;border:1px solid #bce8f1}.gc-box.notice_type{color:#856404;background-color:#fff3cd;border-color:#ffeeba}.gc-box.notice_type svg{fill:#f7a000}.gc-box.error_type{color:#721c24;background-color:#f8d7da;border-color:#f5c6cb}.gc-box.error_type svg{fill:#c70000}.gc-box.border_type{border:2px solid #ddd}.gc-box.icon_type{display:flex}.gc-box.icon_type .gc-box-icon{width:28px}.gc-box.icon_type .gc-box-text{flex-grow:1;margin:0 15px}.gc-box-text > *{margin-bottom: 20px;}\n        .gc-box-text > *:last-child{margin-bottom:0}        \n        <\/style><div class=\"gc-box update_type\" style=\"text-align:left;border-radius:20px;box-shadow: 0 10px 10px #00000007\">\n\t\t\t<div class=\"gc-box-icon\"><\/div>\n\t\t\t<span class=\"label-info\">20\/1\/2026 Actualizaci\u00f3n<\/span>\n\t\t\t<div class=\"gc-box-text\">\n\n<p>sitio web <strong>Siammakemoney<\/strong> Prestar atenci\u00f3n a la privacidad de los usuarios. Esta Pol\u00edtica de Privacidad se crea para explicar las pautas para recopilar, usar y proteger la informaci\u00f3n personal de los usuarios del sitio web.<\/p>\n\n<\/div>\n\t\t<\/div>\n\n\n<h3 class=\"wp-block-heading\">1. Recopilaci\u00f3n de datos<\/h3>\n\n\n\n<p>Un sitio web puede recopilar cierta informaci\u00f3n cuando un usuario visita un sitio web, como:<\/p>\n\n\n\n<ul class=\"wp-block-list\">\n<li>Informaci\u00f3n de uso del sitio web (como las p\u00e1ginas web visitadas Duraci\u00f3n del tipo de dispositivo de visita, navegador)<\/li>\n\n\n\n<li>Direcci\u00f3n IP y otra informaci\u00f3n t\u00e9cnica<\/li>\n\n\n\n<li>Informaci\u00f3n proporcionada por el usuario de forma voluntaria, como contacto a trav\u00e9s de formulario o correo electr\u00f3nico.<\/li>\n<\/ul>\n\n\n\n<h3 class=\"wp-block-heading\">2. Usar cookies (cookies)<\/h3>\n\n\n\n<p>sitio web <strong>Siammakemoney<\/strong> Las cookies pueden utilizarse para mejorar la experiencia del usuario. Analice el comportamiento de los visitantes y muestre contenido o anuncios apropiados Los usuarios pueden configurar el navegador para que rechace las cookies seg\u00fan sea necesario. Pero puede afectar el uso de algunos de los sitios web.<\/p>\n\n\n\n<h3 class=\"wp-block-heading\">3. Uso de la informaci\u00f3n<\/h3>\n\n\n\n<p>La informaci\u00f3n recopilada se utilizar\u00e1 para los siguientes fines.<\/p>\n\n\n\n<ul class=\"wp-block-list\">\n<li>Desarrollar y mejorar el contenido y la experiencia del sitio web.<\/li>\n\n\n\n<li>An\u00e1lisis de estad\u00edsticas y comportamiento de uso<\/li>\n\n\n\n<li>Responder preguntas o contactos de los usuarios<\/li>\n\n\n\n<li>Cumplir con los requisitos legales pertinentes<\/li>\n<\/ul>\n\n\n\n<h3 class=\"wp-block-heading\">4. Enlaces a sitios web externos<\/h3>\n\n\n\n<p>El sitio web puede contener enlaces a sitios web o servicios de terceros. Incluye enlaces recomendados (enlaces de afiliados) sitios web. <strong>Siammakemoney<\/strong> No son responsables de las pol\u00edticas de privacidad o contenidos de esos sitios web externos. Los usuarios deben estudiar m\u00e1s a fondo la pol\u00edtica de privacidad del sitio web de destino.<\/p>\n\n\n\n<h3 class=\"wp-block-heading\">5. Divulgaci\u00f3n de informaci\u00f3n a terceros<\/h3>\n\n\n\n<p>El sitio web no vender\u00e1, intercambiar\u00e1 ni divulgar\u00e1 la informaci\u00f3n personal del Usuario a terceros. a menos que est\u00e9 de acuerdo con la ley o para proporcionar los servicios necesarios, como un sistema de an\u00e1lisis de sitios web o un sistema publicitario<\/p>\n\n\n\n<h3 class=\"wp-block-heading\">6. Seguridad de datos<\/h3>\n\n\n\n<p>El sitio web intenta tomar las medidas adecuadas para proteger la informaci\u00f3n del usuario. Sin embargo, no puede garantizar el 100% de seguridad de los datos.<\/p>\n\n\n\n<h3 class=\"wp-block-heading\">7. Cambios a la Pol\u00edtica de Privacidad<\/h3>\n\n\n\n<p>El sitio web se reserva el derecho de actualizar o cambiar esta Pol\u00edtica de Privacidad sin previo aviso. Cualquier cambio ser\u00e1 efectivo inmediatamente cuando se publique en el sitio web.<\/p>\n\n\n\n<h3 class=\"wp-block-heading\">8. Aceptaci\u00f3n de la p\u00f3liza<\/h3>\n\n\n\n<p>Uso del sitio web <strong>Siammakemoney<\/strong> Se considera que el Usuario ha aceptado esta Pol\u00edtica de Privacidad.<\/p>","protected":false},"excerpt":{"rendered":"1. \u0e01\u0e32\u0e23\u0e40\u0e01\u0e47\u0e1a\u0e23\u0e27\u0e1a\u0e23\u0e27\u0e21\u0e02\u0e49\u0e2d\u0e21\u0e39\u0e25 \u0e40\u0e27\u0e47\u0e1a\u0e44\u0e0b\u0e15\u0e4c\u0e2d\u0e32\u0e08\u0e21\u0e35\u0e01\u0e32\u0e23\u0e40\u0e01\u0e47\u0e1a\u0e23\u0e27\u0e1a\u0e23\u0e27\u0e21\u0e02\u0e49\u0e2d\u0e21\u0e39\u0e25\u0e1a\u0e32\u0e07\u0e1b\u0e23\u0e30\u0e01\u0e32\u0e23\u0e40\u0e21\u0e37\u0e48\u0e2d\u0e1c\u0e39\u0e49\u0e43\u0e0a\u0e49\u0e07\u0e32\u0e19\u0e40\u0e02\u0e49\u0e32\u0e0a\u0e21\u0e40\u0e27\u0e47\u0e1a\u0e44\u0e0b\u0e15\u0e4c \u0e40\u0e0a\u0e48\u0e19 2. \u0e01\u0e32\u0e23\u0e43\u0e0a\u0e49\u0e04\u0e38\u0e01\u0e01\u0e35\u0e49 (Cookies) \u0e40\u0e27\u0e47\u0e1a\u0e44\u0e0b\u0e15\u0e4c Siammakemoney \u0e2d\u0e32\u0e08\u0e43\u0e0a\u0e49\u0e04\u0e38\u0e01\u0e01\u0e35\u0e49\u0e40\u0e1e\u0e37\u0e48\u0e2d\u0e1b\u0e23\u0e31\u0e1a\u0e1b\u0e23\u0e38\u0e07\u0e1b\u0e23\u0e30\u0e2a\u0e1a\u0e01\u0e32\u0e23\u0e13\u0e4c\u0e01\u0e32\u0e23\u0e43\u0e0a\u0e49\u0e07\u0e32\u0e19 \u0e27\u0e34\u0e40\u0e04\u0e23\u0e32\u0e30\u0e2b\u0e4c\u0e1e\u0e24\u0e15\u0e34\u0e01\u0e23\u0e23\u0e21\u0e1c\u0e39\u0e49\u0e40\u0e02\u0e49\u0e32\u0e0a\u0e21 \u0e41\u0e25\u0e30\u0e41\u0e2a\u0e14\u0e07\u0e40\u0e19\u0e37\u0e49\u0e2d\u0e2b\u0e32\u0e2b\u0e23\u0e37\u0e2d\u0e42\u0e06\u0e29\u0e13\u0e32\u0e17\u0e35\u0e48\u0e40\u0e2b\u0e21\u0e32\u0e30\u0e2a\u0e21 \u0e1c\u0e39\u0e49\u0e43\u0e0a\u0e49\u0e07\u0e32\u0e19\u0e2a\u0e32\u0e21\u0e32\u0e23\u0e16\u0e15\u0e31\u0e49\u0e07\u0e04\u0e48\u0e32\u0e40\u0e1a\u0e23\u0e32\u0e27\u0e4c\u0e40\u0e0b\u0e2d\u0e23\u0e4c\u0e40\u0e1e\u0e37\u0e48\u0e2d\u0e1b\u0e0f\u0e34\u0e40\u0e2a\u0e18\u0e04\u0e38\u0e01\u0e01\u0e35\u0e49\u0e44\u0e14\u0e49\u0e15\u0e32\u0e21\u0e15\u0e49\u0e2d\u0e07\u0e01\u0e32\u0e23 \u0e41\u0e15\u0e48\u0e2d\u0e32\u0e08\u0e2a\u0e48\u0e07\u0e1c\u0e25\u0e15\u0e48\u0e2d\u0e01\u0e32\u0e23\u0e43\u0e0a\u0e49\u0e07\u0e32\u0e19\u0e1a\u0e32\u0e07\u0e2a\u0e48\u0e27\u0e19\u0e02\u0e2d\u0e07\u0e40\u0e27\u0e47\u0e1a\u0e44\u0e0b\u0e15\u0e4c 3. \u0e01\u0e32\u0e23\u0e43\u0e0a\u0e49\u0e02\u0e49\u0e2d\u0e21\u0e39\u0e25 \u0e02\u0e49\u0e2d\u0e21\u0e39\u0e25\u0e17\u0e35\u0e48\u0e40\u0e01\u0e47\u0e1a\u0e23\u0e27\u0e1a\u0e23\u0e27\u0e21\u0e08\u0e30\u0e16\u0e39\u0e01\u0e19\u0e33\u0e44\u0e1b\u0e43\u0e0a\u0e49\u0e40\u0e1e\u0e37\u0e48\u0e2d\u0e27\u0e31\u0e15\u0e16\u0e38\u0e1b\u0e23\u0e30\u0e2a\u0e07\u0e04\u0e4c\u0e14\u0e31\u0e07\u0e15\u0e48\u0e2d\u0e44\u0e1b\u0e19\u0e35\u0e49 4.&hellip;","protected":false},"author":1,"featured_media":0,"parent":0,"menu_order":0,"comment_status":"closed","ping_status":"closed","template":"","meta":{"csco_singular_sidebar":"","csco_page_header_type":"","csco_page_load_nextpost":"","footnotes":""},"class_list":{"0":"post-5990","1":"page","2":"type-page","3":"status-publish","5":"cs-entry"},"_links":{"self":[{"href":"https:\/\/siammakemoney.com\/es\/wp-json\/wp\/v2\/pages\/5990","targetHints":{"allow":["GET"]}}],"collection":[{"href":"https:\/\/siammakemoney.com\/es\/wp-json\/wp\/v2\/pages"}],"about":[{"href":"https:\/\/siammakemoney.com\/es\/wp-json\/wp\/v2\/types\/page"}],"author":[{"embeddable":true,"href":"https:\/\/siammakemoney.com\/es\/wp-json\/wp\/v2\/users\/1"}],"replies":[{"embeddable":true,"href":"https:\/\/siammakemoney.com\/es\/wp-json\/wp\/v2\/comments?post=5990"}],"version-history":[{"count":8,"href":"https:\/\/siammakemoney.com\/es\/wp-json\/wp\/v2\/pages\/5990\/revisions"}],"predecessor-version":[{"id":5998,"href":"https:\/\/siammakemoney.com\/es\/wp-json\/wp\/v2\/pages\/5990\/revisions\/5998"}],"wp:attachment":[{"href":"https:\/\/siammakemoney.com\/es\/wp-json\/wp\/v2\/media?parent=5990"}],"curies":[{"name":"wp","href":"https:\/\/api.w.org\/{rel}","templated":true}]}}