{"id":5983,"date":"2026-01-20T16:17:42","date_gmt":"2026-01-20T09:17:42","guid":{"rendered":"https:\/\/siammakemoney.com\/?page_id=5983"},"modified":"2026-01-20T16:37:48","modified_gmt":"2026-01-20T09:37:48","slug":"affiliate-disclaimer","status":"publish","type":"page","link":"https:\/\/siammakemoney.com\/es\/affiliate-disclaimer\/","title":{"rendered":"Descargo de responsabilidad de afiliado"},"content":{"rendered":"<style scoped>\n            .gc-box{margin-bottom:30px;padding:20px;border-left:5px solid transparent;line-height:24px}.gc-box .label-info{background-color:#5bc0de;display:inline-block;margin:0 5px 10px 0;padding:3px 6px;font-size:75%;font-weight:700;color:#fff;text-align:center;white-space:nowrap;vertical-align:baseline;border-radius:.25em;line-height:14px}.gc-box.green_type{color:#3c763d;background-color:#dff0d8;border-color:#cae6be}.gc-box.blue_type{color:#31708f;background-color:#d9edf7;border-color:#bcdff1}.gc-box.red_type{color:#a94442;background-color:#f2dede;border-color:#e8c4c4}.gc-box.grey_type{background:#ddd;border-color:#ccc;color:#444}.gc-box.info_type{color:#155724;background-color:#d4edda;border-color:#c3e6cb}.gc-box.info_type svg{fill:#30a030}.gc-box.download_type{color:#004085;background-color:#cce5ff;border-color:#b8daff}.gc-box.download_type svg{fill:#3a9aff}.gc-box.update_type{color:#004458;background-color:#d9edf7;border:1px solid #bce8f1}.gc-box.notice_type{color:#856404;background-color:#fff3cd;border-color:#ffeeba}.gc-box.notice_type svg{fill:#f7a000}.gc-box.error_type{color:#721c24;background-color:#f8d7da;border-color:#f5c6cb}.gc-box.error_type svg{fill:#c70000}.gc-box.border_type{border:2px solid #ddd}.gc-box.icon_type{display:flex}.gc-box.icon_type .gc-box-icon{width:28px}.gc-box.icon_type .gc-box-text{flex-grow:1;margin:0 15px}.gc-box-text > *{margin-bottom: 20px;}\n        .gc-box-text > *:last-child{margin-bottom:0}        \n        <\/style><div class=\"gc-box green_type\" style=\"text-align:left;border-radius:20px;box-shadow: 0 10px 10px #00000007\">\n\t\t\t<div class=\"gc-box-icon\"><\/div>\n\t\t\t\n\t\t\t<div class=\"gc-box-text\">\n\n<p>para hacer el sitio web <strong>Siammakemoney<\/strong> Puede continuar y producir contenido de calidad de forma regular Algunos art\u00edculos pueden contener enlaces de afiliados, que si se registra o los utiliza a trav\u00e9s de estos enlaces. El sitio web puede recibir una comisi\u00f3n sin costo adicional para usted. Su apoyo nos ayuda a continuar desarrollando y actualizando contenido \u00fatil. Gracias por su comprensi\u00f3n y apoyo siempre.<\/p>\n\n<\/div>\n\t\t<\/div>\n\n<div class=\"gc-box notice_type icon_type\" style=\"text-align:left;border-radius:20px;box-shadow: 0 10px 10px #00000007\">\n\t\t\t<div class=\"gc-box-icon\"><svg x=\"0px\" y=\"0px\" viewbox=\"0 0 486.463 486.463\" > <g> <g> <path d=\"M243.225,333.382c-13.6,0-25,11.4-25,25s11.4,25,25,25c13.1,0,25-11.4,24.4-24.4 C268.225,344.682,256.925,333.382,243.225,333.382z\"\/> <path d=\"M474.625,421.982c15.7-27.1,15.8-59.4,0.2-86.4l-156.6-271.2c-15.5-27.3-43.5-43.5-74.9-43.5s-59.4,16.3-74.9,43.4 l-156.8,271.5c-15.6,27.3-15.5,59.8,0.3,86.9c15.6,26.8,43.5,42.9,74.7,42.9h312.8 C430.725,465.582,458.825,449.282,474.625,421.982z M440.625,402.382c-8.7,15-24.1,23.9-41.3,23.9h-312.8 c-17,0-32.3-8.7-40.8-23.4c-8.6-14.9-8.7-32.7-0.1-47.7l156.8-271.4c8.5-14.9,23.7-23.7,40.9-23.7c17.1,0,32.4,8.9,40.9,23.8 l156.7,271.4C449.325,369.882,449.225,387.482,440.625,402.382z\"\/> <path d=\"M237.025,157.882c-11.9,3.4-19.3,14.2-19.3,27.3c0.6,7.9,1.1,15.9,1.7,23.8c1.7,30.1,3.4,59.6,5.1,89.7 c0.6,10.2,8.5,17.6,18.7,17.6c10.2,0,18.2-7.9,18.7-18.2c0-6.2,0-11.9,0.6-18.2c1.1-19.3,2.3-38.6,3.4-57.9 c0.6-12.5,1.7-25,2.3-37.5c0-4.5-0.6-8.5-2.3-12.5C260.825,160.782,248.925,155.082,237.025,157.882z\"\/> <\/g> <\/g> <\/svg><\/div>\n\t\t\t\n\t\t\t<div class=\"gc-box-text\">\n\n<p>sitio web <strong>Siammakemoney<\/strong> Los productos, servicios, herramientas o plataformas pueden ser introducidos por terceros a trav\u00e9s de enlaces de afiliados, que en algunos casos el sitio web puede recibir una comisi\u00f3n si el usuario se suscribe o compra a trav\u00e9s de ese enlace. Sin ning\u00fan costo adicional para los usuarios<\/p>\n\n\n\n<p>Recibir una compensaci\u00f3n del enlace de referencia <strong>No afecta la independencia de presentar contenido.<\/strong> Todos los art\u00edculos, rese\u00f1as y recomendaciones se preparan a partir del estudio. uso pr\u00e1ctico y considerando el beneficio del lector como el principal<\/p>\n\n\n\n<p>sitio web <strong>Siammakemoney<\/strong> Enf\u00f3cate en recomendar solo herramientas y servicios que sean \u00fatiles, apropiados y que puedan ser utilizados en la pr\u00e1ctica. Sin embargo, los usuarios deben estudiar los detalles, las condiciones y los riesgos de cada servicio adicional antes de tomar una decisi\u00f3n.<\/p>\n\n\n\n<p>Los resultados o ingresos derivados del uso de herramientas o servicios depende de la capacidad, experiencia y factores personales del usuario. El sitio web no puede respaldar o ser responsable de tales resultados.<\/p>\n\n\n\n<p>Usando este sitio web, el usuario acepta y entiende el descargo de responsabilidad de este enlace recomendado.<\/p>\n\n<\/div>\n\t\t<\/div>","protected":false},"excerpt":{"rendered":"","protected":false},"author":1,"featured_media":0,"parent":0,"menu_order":0,"comment_status":"closed","ping_status":"closed","template":"","meta":{"csco_singular_sidebar":"","csco_page_header_type":"","csco_page_load_nextpost":"","footnotes":""},"class_list":{"0":"post-5983","1":"page","2":"type-page","3":"status-publish","5":"cs-entry"},"_links":{"self":[{"href":"https:\/\/siammakemoney.com\/es\/wp-json\/wp\/v2\/pages\/5983","targetHints":{"allow":["GET"]}}],"collection":[{"href":"https:\/\/siammakemoney.com\/es\/wp-json\/wp\/v2\/pages"}],"about":[{"href":"https:\/\/siammakemoney.com\/es\/wp-json\/wp\/v2\/types\/page"}],"author":[{"embeddable":true,"href":"https:\/\/siammakemoney.com\/es\/wp-json\/wp\/v2\/users\/1"}],"replies":[{"embeddable":true,"href":"https:\/\/siammakemoney.com\/es\/wp-json\/wp\/v2\/comments?post=5983"}],"version-history":[{"count":4,"href":"https:\/\/siammakemoney.com\/es\/wp-json\/wp\/v2\/pages\/5983\/revisions"}],"predecessor-version":[{"id":5989,"href":"https:\/\/siammakemoney.com\/es\/wp-json\/wp\/v2\/pages\/5983\/revisions\/5989"}],"wp:attachment":[{"href":"https:\/\/siammakemoney.com\/es\/wp-json\/wp\/v2\/media?parent=5983"}],"curies":[{"name":"wp","href":"https:\/\/api.w.org\/{rel}","templated":true}]}}