{"id":5990,"date":"2026-01-20T16:48:34","date_gmt":"2026-01-20T09:48:34","guid":{"rendered":"https:\/\/siammakemoney.com\/?page_id=5990"},"modified":"2026-01-20T17:02:57","modified_gmt":"2026-01-20T10:02:57","slug":"privacy-policy","status":"publish","type":"page","link":"https:\/\/siammakemoney.com\/de\/privacy-policy\/","title":{"rendered":"Datenschutzerkl\u00e4rung"},"content":{"rendered":"<style scoped>\n            .gc-box{margin-bottom:30px;padding:20px;border-left:5px solid transparent;line-height:24px}.gc-box .label-info{background-color:#5bc0de;display:inline-block;margin:0 5px 10px 0;padding:3px 6px;font-size:75%;font-weight:700;color:#fff;text-align:center;white-space:nowrap;vertical-align:baseline;border-radius:.25em;line-height:14px}.gc-box.green_type{color:#3c763d;background-color:#dff0d8;border-color:#cae6be}.gc-box.blue_type{color:#31708f;background-color:#d9edf7;border-color:#bcdff1}.gc-box.red_type{color:#a94442;background-color:#f2dede;border-color:#e8c4c4}.gc-box.grey_type{background:#ddd;border-color:#ccc;color:#444}.gc-box.info_type{color:#155724;background-color:#d4edda;border-color:#c3e6cb}.gc-box.info_type svg{fill:#30a030}.gc-box.download_type{color:#004085;background-color:#cce5ff;border-color:#b8daff}.gc-box.download_type svg{fill:#3a9aff}.gc-box.update_type{color:#004458;background-color:#d9edf7;border:1px solid #bce8f1}.gc-box.notice_type{color:#856404;background-color:#fff3cd;border-color:#ffeeba}.gc-box.notice_type svg{fill:#f7a000}.gc-box.error_type{color:#721c24;background-color:#f8d7da;border-color:#f5c6cb}.gc-box.error_type svg{fill:#c70000}.gc-box.border_type{border:2px solid #ddd}.gc-box.icon_type{display:flex}.gc-box.icon_type .gc-box-icon{width:28px}.gc-box.icon_type .gc-box-text{flex-grow:1;margin:0 15px}.gc-box-text > *{margin-bottom: 20px;}\n        .gc-box-text > *:last-child{margin-bottom:0}        \n        <\/style><div class=\"gc-box update_type\" style=\"text-align:left;border-radius:20px;box-shadow: 0 10px 10px #00000007\">\n\t\t\t<div class=\"gc-box-icon\"><\/div>\n\t\t\t<span class=\"label-info\">20\/1\/2026 Update<\/span>\n\t\t\t<div class=\"gc-box-text\">\n\n<p>Webseite <strong>Siammakemoney<\/strong> Achten Sie auf die Privatsph\u00e4re der Nutzer. Diese Datenschutzrichtlinie wird erstellt, um die Richtlinien f\u00fcr die Erfassung, Verwendung und den Schutz der pers\u00f6nlichen Informationen von Website-Benutzern zu erl\u00e4utern.<\/p>\n\n<\/div>\n\t\t<\/div>\n\n\n<h3 class=\"wp-block-heading\">1. Datenerfassung<\/h3>\n\n\n\n<p>Eine Website kann bestimmte Informationen sammeln, wenn ein Benutzer eine Website besucht, z.<\/p>\n\n\n\n<ul class=\"wp-block-list\">\n<li>Informationen zur Nutzung der Website (z. B. besuchte Webseiten Dauer des Besuchs Ger\u00e4tetyp, Browser)<\/li>\n\n\n\n<li>IP-Adresse und andere technische Informationen<\/li>\n\n\n\n<li>Angaben des Nutzers freiwillig, wie Kontakt per Formular oder E-Mail.<\/li>\n<\/ul>\n\n\n\n<h3 class=\"wp-block-heading\">2. Verwendung von Cookies (Cookies)<\/h3>\n\n\n\n<p>Webseite <strong>Siammakemoney<\/strong> Cookies k\u00f6nnen verwendet werden, um die Benutzererfahrung zu verbessern. Analysieren Sie das Verhalten von Besuchern und zeigen Sie entsprechende Inhalte oder Anzeigen an Benutzer k\u00f6nnen den Browser so einstellen, dass er Cookies bei Bedarf ablehnen. Dies kann sich jedoch auf die Nutzung einiger Websites auswirken.<\/p>\n\n\n\n<h3 class=\"wp-block-heading\">3. Verwendung von Informationen<\/h3>\n\n\n\n<p>Die gesammelten Informationen werden f\u00fcr die folgenden Zwecke verwendet.<\/p>\n\n\n\n<ul class=\"wp-block-list\">\n<li>Inhalt und Erfahrung der Website entwickeln und verbessern.<\/li>\n\n\n\n<li>Analyse von Statistiken und Nutzungsverhalten<\/li>\n\n\n\n<li>Beantworten Sie Fragen oder Kontakte von Benutzern<\/li>\n\n\n\n<li>Einhaltung der einschl\u00e4gigen gesetzlichen Anforderungen<\/li>\n<\/ul>\n\n\n\n<h3 class=\"wp-block-heading\">4. Links zu externen Websites<\/h3>\n\n\n\n<p>Die Website kann Links zu Websites oder Dienstleistungen Dritter enthalten. Enth\u00e4lt empfohlene Links (Affiliate-Links) Websites. <strong>Siammakemoney<\/strong> Sie sind nicht verantwortlich f\u00fcr die Datenschutzrichtlinien oder Inhalte dieser externen Websites. Benutzer sollten die Datenschutzrichtlinien der Ziel-Website weiter untersuchen.<\/p>\n\n\n\n<h3 class=\"wp-block-heading\">5. Weitergabe von Informationen an Dritte<\/h3>\n\n\n\n<p>Die Website verkauft, tauscht oder gibt die personenbezogenen Daten des Nutzers nicht an Dritte weiter. es sei denn, es ist gesetzlich vorgeschrieben oder die erforderlichen Dienstleistungen wie ein Website-Analysesystem oder ein Werbesystem zu erbringen<\/p>\n\n\n\n<h3 class=\"wp-block-heading\">6. Datensicherheit<\/h3>\n\n\n\n<p>Die Website versucht, geeignete Ma\u00dfnahmen zum Schutz der Benutzerinformationen zu ergreifen. Es kann jedoch nicht 100% Datensicherheit garantiert werden.<\/p>\n\n\n\n<h3 class=\"wp-block-heading\">7. \u00c4nderungen der Datenschutzrichtlinie<\/h3>\n\n\n\n<p>Die Website beh\u00e4lt sich das Recht vor, diese Datenschutzerkl\u00e4rung ohne vorherige Ank\u00fcndigung zu aktualisieren oder zu \u00e4ndern. Jede \u00c4nderung wird sofort wirksam, wenn sie auf der Website ver\u00f6ffentlicht wird.<\/p>\n\n\n\n<h3 class=\"wp-block-heading\">8. Akzeptanz der Richtlinie<\/h3>\n\n\n\n<p>Nutzung der Website <strong>Siammakemoney<\/strong> Es wird davon ausgegangen, dass der Nutzer diese Datenschutzerkl\u00e4rung akzeptiert hat.<\/p>","protected":false},"excerpt":{"rendered":"1. \u0e01\u0e32\u0e23\u0e40\u0e01\u0e47\u0e1a\u0e23\u0e27\u0e1a\u0e23\u0e27\u0e21\u0e02\u0e49\u0e2d\u0e21\u0e39\u0e25 \u0e40\u0e27\u0e47\u0e1a\u0e44\u0e0b\u0e15\u0e4c\u0e2d\u0e32\u0e08\u0e21\u0e35\u0e01\u0e32\u0e23\u0e40\u0e01\u0e47\u0e1a\u0e23\u0e27\u0e1a\u0e23\u0e27\u0e21\u0e02\u0e49\u0e2d\u0e21\u0e39\u0e25\u0e1a\u0e32\u0e07\u0e1b\u0e23\u0e30\u0e01\u0e32\u0e23\u0e40\u0e21\u0e37\u0e48\u0e2d\u0e1c\u0e39\u0e49\u0e43\u0e0a\u0e49\u0e07\u0e32\u0e19\u0e40\u0e02\u0e49\u0e32\u0e0a\u0e21\u0e40\u0e27\u0e47\u0e1a\u0e44\u0e0b\u0e15\u0e4c \u0e40\u0e0a\u0e48\u0e19 2. \u0e01\u0e32\u0e23\u0e43\u0e0a\u0e49\u0e04\u0e38\u0e01\u0e01\u0e35\u0e49 (Cookies) \u0e40\u0e27\u0e47\u0e1a\u0e44\u0e0b\u0e15\u0e4c Siammakemoney \u0e2d\u0e32\u0e08\u0e43\u0e0a\u0e49\u0e04\u0e38\u0e01\u0e01\u0e35\u0e49\u0e40\u0e1e\u0e37\u0e48\u0e2d\u0e1b\u0e23\u0e31\u0e1a\u0e1b\u0e23\u0e38\u0e07\u0e1b\u0e23\u0e30\u0e2a\u0e1a\u0e01\u0e32\u0e23\u0e13\u0e4c\u0e01\u0e32\u0e23\u0e43\u0e0a\u0e49\u0e07\u0e32\u0e19 \u0e27\u0e34\u0e40\u0e04\u0e23\u0e32\u0e30\u0e2b\u0e4c\u0e1e\u0e24\u0e15\u0e34\u0e01\u0e23\u0e23\u0e21\u0e1c\u0e39\u0e49\u0e40\u0e02\u0e49\u0e32\u0e0a\u0e21 \u0e41\u0e25\u0e30\u0e41\u0e2a\u0e14\u0e07\u0e40\u0e19\u0e37\u0e49\u0e2d\u0e2b\u0e32\u0e2b\u0e23\u0e37\u0e2d\u0e42\u0e06\u0e29\u0e13\u0e32\u0e17\u0e35\u0e48\u0e40\u0e2b\u0e21\u0e32\u0e30\u0e2a\u0e21 \u0e1c\u0e39\u0e49\u0e43\u0e0a\u0e49\u0e07\u0e32\u0e19\u0e2a\u0e32\u0e21\u0e32\u0e23\u0e16\u0e15\u0e31\u0e49\u0e07\u0e04\u0e48\u0e32\u0e40\u0e1a\u0e23\u0e32\u0e27\u0e4c\u0e40\u0e0b\u0e2d\u0e23\u0e4c\u0e40\u0e1e\u0e37\u0e48\u0e2d\u0e1b\u0e0f\u0e34\u0e40\u0e2a\u0e18\u0e04\u0e38\u0e01\u0e01\u0e35\u0e49\u0e44\u0e14\u0e49\u0e15\u0e32\u0e21\u0e15\u0e49\u0e2d\u0e07\u0e01\u0e32\u0e23 \u0e41\u0e15\u0e48\u0e2d\u0e32\u0e08\u0e2a\u0e48\u0e07\u0e1c\u0e25\u0e15\u0e48\u0e2d\u0e01\u0e32\u0e23\u0e43\u0e0a\u0e49\u0e07\u0e32\u0e19\u0e1a\u0e32\u0e07\u0e2a\u0e48\u0e27\u0e19\u0e02\u0e2d\u0e07\u0e40\u0e27\u0e47\u0e1a\u0e44\u0e0b\u0e15\u0e4c 3. \u0e01\u0e32\u0e23\u0e43\u0e0a\u0e49\u0e02\u0e49\u0e2d\u0e21\u0e39\u0e25 \u0e02\u0e49\u0e2d\u0e21\u0e39\u0e25\u0e17\u0e35\u0e48\u0e40\u0e01\u0e47\u0e1a\u0e23\u0e27\u0e1a\u0e23\u0e27\u0e21\u0e08\u0e30\u0e16\u0e39\u0e01\u0e19\u0e33\u0e44\u0e1b\u0e43\u0e0a\u0e49\u0e40\u0e1e\u0e37\u0e48\u0e2d\u0e27\u0e31\u0e15\u0e16\u0e38\u0e1b\u0e23\u0e30\u0e2a\u0e07\u0e04\u0e4c\u0e14\u0e31\u0e07\u0e15\u0e48\u0e2d\u0e44\u0e1b\u0e19\u0e35\u0e49 4.&hellip;","protected":false},"author":1,"featured_media":0,"parent":0,"menu_order":0,"comment_status":"closed","ping_status":"closed","template":"","meta":{"csco_singular_sidebar":"","csco_page_header_type":"","csco_page_load_nextpost":"","footnotes":""},"class_list":{"0":"post-5990","1":"page","2":"type-page","3":"status-publish","5":"cs-entry"},"_links":{"self":[{"href":"https:\/\/siammakemoney.com\/de\/wp-json\/wp\/v2\/pages\/5990","targetHints":{"allow":["GET"]}}],"collection":[{"href":"https:\/\/siammakemoney.com\/de\/wp-json\/wp\/v2\/pages"}],"about":[{"href":"https:\/\/siammakemoney.com\/de\/wp-json\/wp\/v2\/types\/page"}],"author":[{"embeddable":true,"href":"https:\/\/siammakemoney.com\/de\/wp-json\/wp\/v2\/users\/1"}],"replies":[{"embeddable":true,"href":"https:\/\/siammakemoney.com\/de\/wp-json\/wp\/v2\/comments?post=5990"}],"version-history":[{"count":8,"href":"https:\/\/siammakemoney.com\/de\/wp-json\/wp\/v2\/pages\/5990\/revisions"}],"predecessor-version":[{"id":5998,"href":"https:\/\/siammakemoney.com\/de\/wp-json\/wp\/v2\/pages\/5990\/revisions\/5998"}],"wp:attachment":[{"href":"https:\/\/siammakemoney.com\/de\/wp-json\/wp\/v2\/media?parent=5990"}],"curies":[{"name":"wp","href":"https:\/\/api.w.org\/{rel}","templated":true}]}}