{"id":5983,"date":"2026-01-20T16:17:42","date_gmt":"2026-01-20T09:17:42","guid":{"rendered":"https:\/\/siammakemoney.com\/?page_id=5983"},"modified":"2026-01-20T16:37:48","modified_gmt":"2026-01-20T09:37:48","slug":"affiliate-disclaimer","status":"publish","type":"page","link":"https:\/\/siammakemoney.com\/de\/affiliate-disclaimer\/","title":{"rendered":"Affiliate-Bedingungen"},"content":{"rendered":"<style scoped>\n            .gc-box{margin-bottom:30px;padding:20px;border-left:5px solid transparent;line-height:24px}.gc-box .label-info{background-color:#5bc0de;display:inline-block;margin:0 5px 10px 0;padding:3px 6px;font-size:75%;font-weight:700;color:#fff;text-align:center;white-space:nowrap;vertical-align:baseline;border-radius:.25em;line-height:14px}.gc-box.green_type{color:#3c763d;background-color:#dff0d8;border-color:#cae6be}.gc-box.blue_type{color:#31708f;background-color:#d9edf7;border-color:#bcdff1}.gc-box.red_type{color:#a94442;background-color:#f2dede;border-color:#e8c4c4}.gc-box.grey_type{background:#ddd;border-color:#ccc;color:#444}.gc-box.info_type{color:#155724;background-color:#d4edda;border-color:#c3e6cb}.gc-box.info_type svg{fill:#30a030}.gc-box.download_type{color:#004085;background-color:#cce5ff;border-color:#b8daff}.gc-box.download_type svg{fill:#3a9aff}.gc-box.update_type{color:#004458;background-color:#d9edf7;border:1px solid #bce8f1}.gc-box.notice_type{color:#856404;background-color:#fff3cd;border-color:#ffeeba}.gc-box.notice_type svg{fill:#f7a000}.gc-box.error_type{color:#721c24;background-color:#f8d7da;border-color:#f5c6cb}.gc-box.error_type svg{fill:#c70000}.gc-box.border_type{border:2px solid #ddd}.gc-box.icon_type{display:flex}.gc-box.icon_type .gc-box-icon{width:28px}.gc-box.icon_type .gc-box-text{flex-grow:1;margin:0 15px}.gc-box-text > *{margin-bottom: 20px;}\n        .gc-box-text > *:last-child{margin-bottom:0}        \n        <\/style><div class=\"gc-box green_type\" style=\"text-align:left;border-radius:20px;box-shadow: 0 10px 10px #00000007\">\n\t\t\t<div class=\"gc-box-icon\"><\/div>\n\t\t\t\n\t\t\t<div class=\"gc-box-text\">\n\n<p>Damit die Website... <strong>Siammakemoney<\/strong> Wir k\u00f6nnen weiterhin regelm\u00e4\u00dfig hochwertige Inhalte erstellen. Einige Artikel enthalten m\u00f6glicherweise Affiliate-Links. Wenn Sie sich anmelden oder diese Links nutzen, erh\u00e4lt die Website unter Umst\u00e4nden eine Provision, ohne dass Ihnen dadurch zus\u00e4tzliche Kosten entstehen. Ihre Unterst\u00fctzung hilft uns, n\u00fctzliche Inhalte zu entwickeln und zu aktualisieren. Vielen Dank f\u00fcr Ihr Verst\u00e4ndnis und Ihre anhaltende Unterst\u00fctzung.<\/p>\n\n<\/div>\n\t\t<\/div>\n\n<div class=\"gc-box notice_type icon_type\" style=\"text-align:left;border-radius:20px;box-shadow: 0 10px 10px #00000007\">\n\t\t\t<div class=\"gc-box-icon\"><svg x=\"0px\" y=\"0px\" viewbox=\"0 0 486.463 486.463\" > <g> <g> <path d=\"M243.225,333.382c-13.6,0-25,11.4-25,25s11.4,25,25,25c13.1,0,25-11.4,24.4-24.4 C268.225,344.682,256.925,333.382,243.225,333.382z\"\/> <path d=\"M474.625,421.982c15.7-27.1,15.8-59.4,0.2-86.4l-156.6-271.2c-15.5-27.3-43.5-43.5-74.9-43.5s-59.4,16.3-74.9,43.4 l-156.8,271.5c-15.6,27.3-15.5,59.8,0.3,86.9c15.6,26.8,43.5,42.9,74.7,42.9h312.8 C430.725,465.582,458.825,449.282,474.625,421.982z M440.625,402.382c-8.7,15-24.1,23.9-41.3,23.9h-312.8 c-17,0-32.3-8.7-40.8-23.4c-8.6-14.9-8.7-32.7-0.1-47.7l156.8-271.4c8.5-14.9,23.7-23.7,40.9-23.7c17.1,0,32.4,8.9,40.9,23.8 l156.7,271.4C449.325,369.882,449.225,387.482,440.625,402.382z\"\/> <path d=\"M237.025,157.882c-11.9,3.4-19.3,14.2-19.3,27.3c0.6,7.9,1.1,15.9,1.7,23.8c1.7,30.1,3.4,59.6,5.1,89.7 c0.6,10.2,8.5,17.6,18.7,17.6c10.2,0,18.2-7.9,18.7-18.2c0-6.2,0-11.9,0.6-18.2c1.1-19.3,2.3-38.6,3.4-57.9 c0.6-12.5,1.7-25,2.3-37.5c0-4.5-0.6-8.5-2.3-12.5C260.825,160.782,248.925,155.082,237.025,157.882z\"\/> <\/g> <\/g> <\/svg><\/div>\n\t\t\t\n\t\t\t<div class=\"gc-box-text\">\n\n<p>Webseite <strong>Siammakemoney<\/strong> \u00dcber Affiliate-Links k\u00f6nnen Produkte, Dienstleistungen, Tools oder Plattformen von Drittanbietern empfohlen werden. In manchen F\u00e4llen erh\u00e4lt die Website eine Provision, wenn sich ein Nutzer \u00fcber einen solchen Link anmeldet oder einen Kauf t\u00e4tigt, ohne dass dem Nutzer dadurch zus\u00e4tzliche Kosten entstehen.<\/p>\n\n\n\n<p>Verdienen von Verg\u00fctungen durch Empfehlungslinks. <strong>Die Unabh\u00e4ngigkeit bei der Pr\u00e4sentation von Inhalten wird dadurch nicht beeintr\u00e4chtigt.<\/strong> Alle Artikel, Rezensionen und Empfehlungen basieren auf Recherchen, praktischen Erfahrungen und sind in erster Linie auf den Nutzen des Lesers ausgerichtet.<\/p>\n\n\n\n<p>Webseite <strong>Siammakemoney<\/strong> Wir empfehlen ausschlie\u00dflich Tools und Services, die wir f\u00fcr n\u00fctzlich, geeignet und praktikabel halten. Nutzer sollten jedoch die Details, Bedingungen und Risiken jedes Services sorgf\u00e4ltig pr\u00fcfen, bevor sie eine Entscheidung treffen.<\/p>\n\n\n\n<p>Die Ergebnisse oder Einnahmen, die durch die Nutzung verschiedener Tools oder Dienste erzielt werden, h\u00e4ngen von den F\u00e4higkeiten, der Erfahrung und den pers\u00f6nlichen Faktoren des Nutzers ab. Die Website kann f\u00fcr solche Ergebnisse weder eine Garantie \u00fcbernehmen noch daf\u00fcr haftbar gemacht werden.<\/p>\n\n\n\n<p>Durch die Nutzung dieser Website erkl\u00e4ren sich die Nutzer mit dem Haftungsausschluss bez\u00fcglich dieses Empfehlungslinks einverstanden.<\/p>\n\n<\/div>\n\t\t<\/div>","protected":false},"excerpt":{"rendered":"","protected":false},"author":1,"featured_media":0,"parent":0,"menu_order":0,"comment_status":"closed","ping_status":"closed","template":"","meta":{"csco_singular_sidebar":"","csco_page_header_type":"","csco_page_load_nextpost":"","footnotes":""},"class_list":{"0":"post-5983","1":"page","2":"type-page","3":"status-publish","5":"cs-entry"},"_links":{"self":[{"href":"https:\/\/siammakemoney.com\/de\/wp-json\/wp\/v2\/pages\/5983","targetHints":{"allow":["GET"]}}],"collection":[{"href":"https:\/\/siammakemoney.com\/de\/wp-json\/wp\/v2\/pages"}],"about":[{"href":"https:\/\/siammakemoney.com\/de\/wp-json\/wp\/v2\/types\/page"}],"author":[{"embeddable":true,"href":"https:\/\/siammakemoney.com\/de\/wp-json\/wp\/v2\/users\/1"}],"replies":[{"embeddable":true,"href":"https:\/\/siammakemoney.com\/de\/wp-json\/wp\/v2\/comments?post=5983"}],"version-history":[{"count":4,"href":"https:\/\/siammakemoney.com\/de\/wp-json\/wp\/v2\/pages\/5983\/revisions"}],"predecessor-version":[{"id":5989,"href":"https:\/\/siammakemoney.com\/de\/wp-json\/wp\/v2\/pages\/5983\/revisions\/5989"}],"wp:attachment":[{"href":"https:\/\/siammakemoney.com\/de\/wp-json\/wp\/v2\/media?parent=5983"}],"curies":[{"name":"wp","href":"https:\/\/api.w.org\/{rel}","templated":true}]}}