{"id":347,"date":"2024-10-02T08:30:18","date_gmt":"2024-10-02T08:30:18","guid":{"rendered":"https:\/\/revision.codesupply.co\/revision\/?page_id=347"},"modified":"2026-01-20T15:45:34","modified_gmt":"2026-01-20T08:45:34","slug":"about","status":"publish","type":"page","link":"https:\/\/siammakemoney.com\/de\/about\/","title":{"rendered":"\ud83e\udde0 \u00dcber uns"},"content":{"rendered":"<h1 class=\"wp-block-heading has-text-align-center is-style-cs-heading-gradient\" style=\"margin-bottom:64px;letter-spacing:-0.05em\">Willkommen bei <span>Siammakemoney<\/span> \ud83d\udc4b<\/h1>\n\n\n<div class=\"gc-box border_type\" style=\"text-align:left;border-radius:20px;\">\n\t\t\t<div class=\"gc-box-icon\"><\/div>\n\t\t\t\n\t\t\t<div class=\"gc-box-text\">\n\n<h2 class=\"wp-block-heading has-medium-font-size\">Willkommen bei Siammakemoney.com \u2013 Ihrer vertrauensw\u00fcrdigen Quelle f\u00fcr alle, die online Geld verdienen m\u00f6chten!<\/h2>\n\n\n\n<blockquote class=\"wp-block-quote is-layout-flow wp-block-quote-is-layout-flow\">\n<p><\/p>\n\n\n\n<p class=\"has-medium-font-size\">Wir sind \u00fcberzeugt, dass das Erlernen und Ausw\u00e4hlen der richtigen Werkzeuge der Schl\u00fcssel zum Erfolg in der digitalen Welt ist. Egal, ob Sie als Anf\u00e4nger gerade erst anfangen oder Ihre F\u00e4higkeiten ausbauen und Ihre Einkommensquellen erweitern m\u00f6chten: Siammakemoney ist eine Ressource, auf der Sie lernen, studieren und Informationen sicher anwenden k\u00f6nnen.<\/p>\n<\/blockquote>\n\n\n<div class=\"gc-box border_type\" style=\"text-align:left;border-radius:20px;box-shadow: 0 10px 10px #00000007\">\n\t\t\t<div class=\"gc-box-icon\"><\/div>\n\t\t\t\n\t\t\t<div class=\"gc-box-text\">\n\n<h3 class=\"wp-block-heading has-primary-color has-text-color has-link-color has-medium-font-size wp-elements-54dad3980ed67e6b848b811d6be6a4ef\">Bei Siammakemoney haben wir Folgendes zusammengetragen: <\/h3>\n\n\n\n<div style=\"height:6px\" aria-hidden=\"true\" class=\"wp-block-spacer\"><\/div>\n\n\n<style scoped>.gc-linelist .gc-linelist-item{position:relative;display:flex}.gc-linelist .gc-linelist-icon{color:#fff;position:relative;z-index:2}.gc-linelist .gc-linelist-icon span{display:block;width:32px;height:32px;border-radius:100%;line-height:32px;display:flex;text-align:center;align-items:center;justify-content:center}.gc-linelist .gc-linelist-icon svg{width:16px;height:16px;fill:#fff}.gc-linelist .gc-linelist-line{content:\"\";border:1px dashed rgba(206,206,206,.23);position:absolute;left:15px;height:99%;z-index:1}.gc-linelist .gc-linelist-item:last-of-type .gc-linelist-line{display:none}.gc-linelist .gc-linelist-content{padding:0 0 32px 15px;overflow:hidden;vertical-align:top}.rtl .gc-linelist .gc-linelist-content{padding: 0 15px 32px 0}.rtl .gc-linelist .gc-linelist-line{right:15px; left:auto}<\/style>\n<div class=\"wp-block-gutencon-linelist gc-linelist\"><div class=\"gc-linelist-item\"><div class=\"gc-linelist-icon\"><span style=\"background-color:#10a399\"><svg height=\"20\" viewbox=\"0 0 512 512\" width=\"20\" xmlns=\"http:\/\/www.w3.org\/2000\/svg\"><g><path d=\"m450.585 68.552-252.065 252.065-137.105-137.104-61.415 61.415 198.52 198.52 313.48-313.48z\"><\/path><\/g><\/svg><\/span><\/div><span class=\"gc-linelist-line\" style=\"border-color:#eeeeee\"><\/span><div class=\"gc-linelist-content\"><div><strong><em>Techniken und Methoden zur Einkommenserzielung im Internet.<\/em><\/strong><\/div><\/div><\/div><div class=\"gc-linelist-item\"><div class=\"gc-linelist-icon\"><span style=\"background-color:#10a399\"><svg height=\"20\" viewbox=\"0 0 512 512\" width=\"20\" xmlns=\"http:\/\/www.w3.org\/2000\/svg\"><g><path d=\"m450.585 68.552-252.065 252.065-137.105-137.104-61.415 61.415 198.52 198.52 313.48-313.48z\"><\/path><\/g><\/svg><\/span><\/div><span class=\"gc-linelist-line\" style=\"border-color:#eeeeee\"><\/span><div class=\"gc-linelist-content\"><div><strong><em>Neue Tools im praktischen Einsatz pr\u00fcfen und empfehlen.<\/em><\/strong><\/div><\/div><\/div><div class=\"gc-linelist-item\"><div class=\"gc-linelist-icon\"><span style=\"background-color:#10a399\"><svg height=\"20\" viewbox=\"0 0 512 512\" width=\"20\" xmlns=\"http:\/\/www.w3.org\/2000\/svg\"><g><path d=\"m450.585 68.552-252.065 252.065-137.105-137.104-61.415 61.415 198.52 198.52 313.48-313.48z\"><\/path><\/g><\/svg><\/span><\/div><span class=\"gc-linelist-line\" style=\"border-color:#eeeeee\"><\/span><div class=\"gc-linelist-content\"><div><strong><em>Anleitungen f\u00fcr Anf\u00e4nger bis hin zu Profis.<\/em><\/strong><\/div><\/div><\/div><div class=\"gc-linelist-item\"><div class=\"gc-linelist-icon\"><span style=\"background-color:#10a399\"><svg height=\"20\" viewbox=\"0 0 512 512\" width=\"20\" xmlns=\"http:\/\/www.w3.org\/2000\/svg\"><g><path d=\"m450.585 68.552-252.065 252.065-137.105-137.104-61.415 61.415 198.52 198.52 313.48-313.48z\"><\/path><\/g><\/svg><\/span><\/div><span class=\"gc-linelist-line\" style=\"border-color:#eeeeee\"><\/span><div class=\"gc-linelist-content\"><div><strong><em>Ein Leitfaden zur Kombination verschiedener Werkzeuge zur Steigerung der Arbeitseffizienz.<\/em><\/strong><\/div><\/div><\/div><div class=\"gc-linelist-item\"><div class=\"gc-linelist-icon\"><span style=\"background-color:#10a399\"><svg height=\"20\" viewbox=\"0 0 512 512\" width=\"20\" xmlns=\"http:\/\/www.w3.org\/2000\/svg\"><g><path d=\"m450.585 68.552-252.065 252.065-137.105-137.104-61.415 61.415 198.52 198.52 313.48-313.48z\"><\/path><\/g><\/svg><\/span><\/div><span class=\"gc-linelist-line\" style=\"border-color:#eeeeee\"><\/span><div class=\"gc-linelist-content\"><div><strong><em>Techniken und Geheimformeln zur Nutzung der Funktionen verschiedener Werkzeuge f\u00fcr die Arbeit.<\/em><\/strong><\/div><\/div><\/div><div class=\"gc-linelist-item\"><div class=\"gc-linelist-icon\"><span style=\"background-color:#10a399\"><svg height=\"20\" viewbox=\"0 0 512 512\" width=\"20\" xmlns=\"http:\/\/www.w3.org\/2000\/svg\"><g><path d=\"m450.585 68.552-252.065 252.065-137.105-137.104-61.415 61.415 198.52 198.52 313.48-313.48z\"><\/path><\/g><\/svg><\/span><\/div><span class=\"gc-linelist-line\" style=\"border-color:#eeeeee\"><\/span><div class=\"gc-linelist-content\"><div><strong><em>Wir enth\u00fcllen geheime Werkzeuge, von denen Sie noch nichts wussten.<\/em><\/strong><\/div><\/div><\/div><\/div>\n\n\n<style scoped>\n            .gc-box{margin-bottom:30px;padding:20px;border-left:5px solid transparent;line-height:24px}.gc-box .label-info{background-color:#5bc0de;display:inline-block;margin:0 5px 10px 0;padding:3px 6px;font-size:75%;font-weight:700;color:#fff;text-align:center;white-space:nowrap;vertical-align:baseline;border-radius:.25em;line-height:14px}.gc-box.green_type{color:#3c763d;background-color:#dff0d8;border-color:#cae6be}.gc-box.blue_type{color:#31708f;background-color:#d9edf7;border-color:#bcdff1}.gc-box.red_type{color:#a94442;background-color:#f2dede;border-color:#e8c4c4}.gc-box.grey_type{background:#ddd;border-color:#ccc;color:#444}.gc-box.info_type{color:#155724;background-color:#d4edda;border-color:#c3e6cb}.gc-box.info_type svg{fill:#30a030}.gc-box.download_type{color:#004085;background-color:#cce5ff;border-color:#b8daff}.gc-box.download_type svg{fill:#3a9aff}.gc-box.update_type{color:#004458;background-color:#d9edf7;border:1px solid #bce8f1}.gc-box.notice_type{color:#856404;background-color:#fff3cd;border-color:#ffeeba}.gc-box.notice_type svg{fill:#f7a000}.gc-box.error_type{color:#721c24;background-color:#f8d7da;border-color:#f5c6cb}.gc-box.error_type svg{fill:#c70000}.gc-box.border_type{border:2px solid #ddd}.gc-box.icon_type{display:flex}.gc-box.icon_type .gc-box-icon{width:28px}.gc-box.icon_type .gc-box-text{flex-grow:1;margin:0 15px}.gc-box-text > *{margin-bottom: 20px;}\n        .gc-box-text > *:last-child{margin-bottom:0}        \n        <\/style><div class=\"gc-box border_type\" style=\"text-align:center;border-radius:20px;box-shadow: 0 10px 10px #00000007\">\n\t\t\t<div class=\"gc-box-icon\"><\/div>\n\t\t\t\n\t\t\t<div class=\"gc-box-text\">\n\n<p><strong><em>Beliebte Themen wie:<\/em><\/strong> Webseitenerstellung, Werbung, Forex- und Kryptow\u00e4hrungshandel, Tools zur Unterst\u00fctzung von YouTube, Facebook und sozialen Medien, KI-Tools, VPNs, Hosting und mehr \u2013 alles, was Sie wissen m\u00fcssen, um selbstbewusst und effektiv Einkommen zu erzielen.<\/p>\n\n<\/div>\n\t\t<\/div>\n<\/div>\n\t\t<\/div>\n\n<div class=\"gc-box update_type\" style=\"text-align:left;border-radius:20px;box-shadow: 0 10px 10px #00000007\">\n\t\t\t<div class=\"gc-box-icon\"><\/div>\n\t\t\t\n\t\t\t<div class=\"gc-box-text\">\n\n<p><strong><em>Wir sind bestrebt, Inhalte bereitzustellen, die:<\/em><\/strong> Leicht verst\u00e4ndlich \u2013 Praktisch \u2013 Auf dem neuesten Stand der Online-Trends.<\/p>\n\n\n\n<p>Seri\u00f6ser, detaillierter Inhalt, praxisnah und darauf ausgerichtet, dem Leser Nutzen zu bieten.<\/p>\n\n\n\n<p><strong><em>Siammakemoney<\/em><\/strong> Diese Website bietet umfassende Informationen zu detaillierten und fundierten Strategien zur Generierung von Online-Einkommen. Alle Artikel basieren auf praktischer Forschung und Erfahrung und enthalten ausf\u00fchrliche Erkl\u00e4rungen zum Registrierungsprozess, zur Einrichtung und zur Nutzung verschiedener Tools. Wir konzentrieren uns darauf, ausschlie\u00dflich n\u00fctzliche, praxisnahe und anwendbare Informationen und Tools bereitzustellen \u2013 egal, ob Sie Anf\u00e4nger sind oder Ihre F\u00e4higkeiten verbessern und Ihre Einkommensquellen erweitern m\u00f6chten. <strong><em>Siammakemoney<\/em><\/strong> Sie dient als verl\u00e4ssliche Informationsquelle, aus der Sie lernen, studieren und die Sie vertrauensvoll als Nachschlagewerk nutzen k\u00f6nnen.<\/p>\n\n<\/div>\n\t\t<\/div>\n\n\n<blockquote class=\"wp-block-quote is-layout-flow wp-block-quote-is-layout-flow\">\n<p><\/p>\n\n\n\n<p class=\"has-medium-font-size\">Egal, ob Sie gerade erst anfangen oder nach neuen Wegen suchen, um Einkommen zu generieren, wir sind hier, um Ihr vertrauensw\u00fcrdiger Partner und Ihre Lernressource zu sein. \ud83e\udd1d<\/p>\n<\/blockquote>\n\n\n\n<div class=\"wp-block-columns is-layout-flex wp-container-core-columns-is-layout-28f84493 wp-block-columns-is-layout-flex\">\n<div class=\"wp-block-column is-layout-flow wp-block-column-is-layout-flow\"><div class=\"gc-box border_type\" style=\"text-align:left;border-radius:20px;box-shadow: 0 10px 10px #00000007\">\n\t\t\t<div class=\"gc-box-icon\"><\/div>\n\t\t\t\n\t\t\t<div class=\"gc-box-text\">\n\n<h3 class=\"wp-block-heading has-text-align-center has-text-color has-link-color wp-elements-92ee4caa08ab291a1db76cc69e6904f1\" style=\"color:#135551;font-size:25px\">\u0e40\u0e01\u0e35\u0e48\u0e22\u0e27\u0e01\u0e31\u0e1a\u0e40\u0e23\u0e32 \u2753<\/h3>\n\n\n\n<p class=\"has-text-align-left has-secondary-color has-text-color has-link-color wp-elements-b09558a6f050f45e57585fb9bbf2c791\" style=\"margin-top:0px;margin-right:0px;margin-bottom:0px;margin-left:0px;font-size:16px\">Siammakemoney ist eine Website, die fundiertes Wissen und Anleitungen zum Generieren von Online-Einkommen bietet. Alle Artikel basieren auf praktischer Erfahrung und Recherche und erkl\u00e4ren ausf\u00fchrlich den Registrierungsprozess, die Einrichtung und die Nutzung verschiedener Tools. Wir konzentrieren uns darauf, ausschlie\u00dflich n\u00fctzliche, praxisnahe und anwendbare Informationen und Tools bereitzustellen, damit unsere Leser das Generieren von Online-Einkommen richtig verstehen und die passenden Tools f\u00fcr ihre Bed\u00fcrfnisse ausw\u00e4hlen k\u00f6nnen.<\/p>\n\n<\/div>\n\t\t<\/div><\/div>\n\n\n\n<div class=\"wp-block-column is-layout-flow wp-block-column-is-layout-flow\"><div class=\"gc-box border_type\" style=\"text-align:left;border-radius:20px;box-shadow: 0 10px 10px #00000007\">\n\t\t\t<div class=\"gc-box-icon\"><\/div>\n\t\t\t\n\t\t\t<div class=\"gc-box-text\">\n\n<h3 class=\"wp-block-heading has-text-align-center has-text-color has-link-color wp-elements-0e44662c3c174504b589632b9ed34d0c\" style=\"color:#135551;font-size:25px\">Wir priorisieren...<\/h3>\n\n\n\n<ul class=\"wp-block-list\">\n<li style=\"font-size:16px\">Erkl\u00e4ren Sie die einzelnen Schritte klar und detailliert.<\/li>\n\n\n\n<li style=\"font-size:16px\">Wir stellen Ihnen n\u00fctzliche und sorgf\u00e4ltig ausgew\u00e4hlte Werkzeuge vor.<\/li>\n\n\n\n<li style=\"font-size:16px\">Informationen unkompliziert und ohne \u00dcbertreibung pr\u00e4sentieren.<\/li>\n\n\n\n<li style=\"font-size:16px\">Die Inhalte werden aktualisiert, um aktuelle Gegebenheiten und Trends widerzuspiegeln.<\/li>\n<\/ul>\n\n<\/div>\n\t\t<\/div><\/div>\n<\/div>\n\n\n<div class=\"gc-box notice_type icon_type\" style=\"text-align:left;border-radius:20px;box-shadow: 0 10px 10px #00000007\">\n\t\t\t<div class=\"gc-box-icon\"><svg x=\"0px\" y=\"0px\" viewbox=\"0 0 486.463 486.463\" > <g> <g> <path d=\"M243.225,333.382c-13.6,0-25,11.4-25,25s11.4,25,25,25c13.1,0,25-11.4,24.4-24.4 C268.225,344.682,256.925,333.382,243.225,333.382z\"\/> <path d=\"M474.625,421.982c15.7-27.1,15.8-59.4,0.2-86.4l-156.6-271.2c-15.5-27.3-43.5-43.5-74.9-43.5s-59.4,16.3-74.9,43.4 l-156.8,271.5c-15.6,27.3-15.5,59.8,0.3,86.9c15.6,26.8,43.5,42.9,74.7,42.9h312.8 C430.725,465.582,458.825,449.282,474.625,421.982z M440.625,402.382c-8.7,15-24.1,23.9-41.3,23.9h-312.8 c-17,0-32.3-8.7-40.8-23.4c-8.6-14.9-8.7-32.7-0.1-47.7l156.8-271.4c8.5-14.9,23.7-23.7,40.9-23.7c17.1,0,32.4,8.9,40.9,23.8 l156.7,271.4C449.325,369.882,449.225,387.482,440.625,402.382z\"\/> <path d=\"M237.025,157.882c-11.9,3.4-19.3,14.2-19.3,27.3c0.6,7.9,1.1,15.9,1.7,23.8c1.7,30.1,3.4,59.6,5.1,89.7 c0.6,10.2,8.5,17.6,18.7,17.6c10.2,0,18.2-7.9,18.7-18.2c0-6.2,0-11.9,0.6-18.2c1.1-19.3,2.3-38.6,3.4-57.9 c0.6-12.5,1.7-25,2.3-37.5c0-4.5-0.6-8.5-2.3-12.5C260.825,160.782,248.925,155.082,237.025,157.882z\"\/> <\/g> <\/g> <\/svg><\/div>\n\t\t\t\n\t\t\t<div class=\"gc-box-text\">\n\n<p>Alle Inhalte dienen ausschlie\u00dflich Bildungszwecken und als Orientierungshilfe. Nutzer sollten weitere Recherchen durchf\u00fchren und die Eignung der Inhalte pr\u00fcfen, bevor sie Entscheidungen treffen.<\/p>\n\n\n\n<p>Alle Inhalte auf der Website. <strong>Siammakemoney<\/strong> Dieses Material dient ausschlie\u00dflich Informations-, Bildungs- und Anleitungszwecken im Bereich der Online-Einkommensgenerierung. Es garantiert weder Ergebnisse noch Eink\u00fcnfte.<\/p>\n\n\n\n<p>Die hier pr\u00e4sentierten Informationen, Artikel, Ratschl\u00e4ge, Tools und Services basieren auf Studien, praktischen Anwendungen und zum Zeitpunkt der Ver\u00f6ffentlichung verl\u00e4sslichen Quellen. Die Ergebnisse k\u00f6nnen jedoch je nach Wissen, F\u00e4higkeiten, Erfahrung, Marktbedingungen und anderen pers\u00f6nlichen Faktoren variieren.<\/p>\n\n\n\n<p>Webseite <strong>Siammakemoney<\/strong> Wir \u00fcbernehmen keine Haftung f\u00fcr Sch\u00e4den, Verluste oder Folgen, die durch die Nutzung der Informationen auf dieser Website entstehen. Leser sollten weitere Recherchen anstellen, die Risiken abw\u00e4gen und eigene Entscheidungen treffen, bevor sie Ma\u00dfnahmen ergreifen.<\/p>\n\n\n\n<p>Wenn Tools, Plattformen oder Dienste von Drittanbietern empfohlen werden, kann die Website \u00fcber Affiliate-Links eine Verg\u00fctung erhalten, ohne dass dies Auswirkungen auf die Kosten f\u00fcr den Benutzer oder die Unabh\u00e4ngigkeit der Informationsdarstellung hat. <strong>Siammakemoney<\/strong> Wir konzentrieren uns darauf, nur solche Tools zu empfehlen, die wir f\u00fcr unsere Leser als n\u00fctzlich und geeignet erachten.<\/p>\n\n\n\n<p>Durch die Nutzung dieser Website erkl\u00e4ren sich die Nutzer mit dem oben genannten Haftungsausschluss einverstanden.<\/p>\n\n<\/div>\n\t\t<\/div>\n<\/div>\n\t\t<\/div>\n\n\n<div class=\"wp-block-group is-style-default has-background is-layout-flow wp-block-group-is-layout-flow\" style=\"border-radius:16px;background-color:#cadcda;padding-top:40px;padding-right:40px;padding-bottom:40px;padding-left:40px;box-shadow:var(--wp--preset--shadow--standard)\">\n<figure class=\"wp-block-image alignleft size-full is-resized\"><img loading=\"lazy\" decoding=\"async\" width=\"512\" height=\"512\" src=\"https:\/\/siammakemoney.com\/wp-content\/uploads\/2026\/01\/email.png\" alt=\"\" class=\"wp-image-5853\" style=\"width:40px\" title=\"\" srcset=\"https:\/\/siammakemoney.com\/wp-content\/uploads\/2026\/01\/email.png 512w, https:\/\/siammakemoney.com\/wp-content\/uploads\/2026\/01\/email-300x300.png 300w, https:\/\/siammakemoney.com\/wp-content\/uploads\/2026\/01\/email-150x150.png 150w, https:\/\/siammakemoney.com\/wp-content\/uploads\/2026\/01\/email-12x12.png 12w, https:\/\/siammakemoney.com\/wp-content\/uploads\/2026\/01\/email-400x400.png 400w\" sizes=\"auto, (max-width: 512px) 100vw, 512px\" \/><\/figure>\n\n\n\n<h5 class=\"wp-block-heading has-text-align-left\" style=\"margin-top:0px;margin-bottom:8px;padding-top:28px\">Kontaktieren Sie uns<\/h5>\n\n\n\n<div class=\"wpcf7 no-js\" id=\"wpcf7-f426-o1\" lang=\"en-US\" dir=\"ltr\" data-wpcf7-id=\"426\">\n<div class=\"screen-reader-response\"><p role=\"status\" aria-live=\"polite\" aria-atomic=\"true\"><\/p> <ul><\/ul><\/div>\n<form action=\"\/de\/wp-json\/wp\/v2\/pages\/347#wpcf7-f426-o1\" method=\"post\" class=\"wpcf7-form init\" aria-label=\"Contact form\" novalidate=\"novalidate\" data-status=\"init\" data-trp-original-action=\"\/de\/wp-json\/wp\/v2\/pages\/347#wpcf7-f426-o1\">\n<fieldset class=\"hidden-fields-container\"><input type=\"hidden\" name=\"_wpcf7\" value=\"426\" \/><input type=\"hidden\" name=\"_wpcf7_version\" value=\"6.1.5\" \/><input type=\"hidden\" name=\"_wpcf7_locale\" value=\"en_US\" \/><input type=\"hidden\" name=\"_wpcf7_unit_tag\" value=\"wpcf7-f426-o1\" \/><input type=\"hidden\" name=\"_wpcf7_container_post\" value=\"0\" \/><input type=\"hidden\" name=\"_wpcf7_posted_data_hash\" value=\"\" \/><input type=\"hidden\" name=\"_wpcf7_recaptcha_response\" value=\"\" \/>\n<\/fieldset>\n<div class=\"cf7-row\">\n  <div class=\"cf7-col\">\n    <label>Name *<\/label>\n    <span class=\"wpcf7-form-control-wrap\" data-name=\"your-name\"><input size=\"40\" maxlength=\"400\" class=\"wpcf7-form-control wpcf7-text wpcf7-validates-as-required\" autocomplete=\"name\" aria-required=\"true\" aria-invalid=\"false\" value=\"\" type=\"text\" name=\"your-name\" \/><\/span>\n  <\/div>\n\n  <div class=\"cf7-col\">\n    <label>E-Mail *<\/label>\n    <span class=\"wpcf7-form-control-wrap\" data-name=\"your-email\"><input size=\"40\" maxlength=\"400\" class=\"wpcf7-form-control wpcf7-email wpcf7-validates-as-required wpcf7-text wpcf7-validates-as-email\" autocomplete=\"email\" aria-required=\"true\" aria-invalid=\"false\" value=\"\" type=\"email\" name=\"your-email\" \/><\/span>\n  <\/div>\n<\/div>\n\n<label>Ihre Nachricht *<\/label>\n<span class=\"wpcf7-form-control-wrap\" data-name=\"your-message\"><textarea cols=\"40\" rows=\"10\" maxlength=\"2000\" class=\"wpcf7-form-control wpcf7-textarea wpcf7-validates-as-required\" aria-required=\"true\" aria-invalid=\"false\" name=\"your-message\"><\/textarea><\/span>\n\n<input class=\"wpcf7-form-control wpcf7-submit has-spinner\" type=\"submit\" value=\"Anfrage einreichen\" \/><div class=\"wpcf7-response-output\" aria-hidden=\"true\"><\/div>\n<input type=\"hidden\" name=\"trp-form-language\" value=\"de\"\/><\/form>\n<\/div>\n\n<\/div>","protected":false},"excerpt":{"rendered":"\u0e22\u0e34\u0e19\u0e14\u0e35\u0e15\u0e49\u0e2d\u0e19\u0e23\u0e31\u0e1a\u0e2a\u0e39\u0e48 Siammakemoney \ud83d\udc4b \u0e15\u0e34\u0e14\u0e15\u0e48\u0e2d\u0e40\u0e23\u0e32","protected":false},"author":1,"featured_media":0,"parent":0,"menu_order":0,"comment_status":"closed","ping_status":"closed","template":"","meta":{"csco_singular_sidebar":"disabled","csco_page_header_type":"none","csco_page_load_nextpost":"","footnotes":""},"class_list":{"0":"post-347","1":"page","2":"type-page","3":"status-publish","5":"cs-entry"},"_links":{"self":[{"href":"https:\/\/siammakemoney.com\/de\/wp-json\/wp\/v2\/pages\/347","targetHints":{"allow":["GET"]}}],"collection":[{"href":"https:\/\/siammakemoney.com\/de\/wp-json\/wp\/v2\/pages"}],"about":[{"href":"https:\/\/siammakemoney.com\/de\/wp-json\/wp\/v2\/types\/page"}],"author":[{"embeddable":true,"href":"https:\/\/siammakemoney.com\/de\/wp-json\/wp\/v2\/users\/1"}],"replies":[{"embeddable":true,"href":"https:\/\/siammakemoney.com\/de\/wp-json\/wp\/v2\/comments?post=347"}],"version-history":[{"count":85,"href":"https:\/\/siammakemoney.com\/de\/wp-json\/wp\/v2\/pages\/347\/revisions"}],"predecessor-version":[{"id":5982,"href":"https:\/\/siammakemoney.com\/de\/wp-json\/wp\/v2\/pages\/347\/revisions\/5982"}],"wp:attachment":[{"href":"https:\/\/siammakemoney.com\/de\/wp-json\/wp\/v2\/media?parent=347"}],"curies":[{"name":"wp","href":"https:\/\/api.w.org\/{rel}","templated":true}]}}